{"id":57,"date":"2016-07-24T20:18:11","date_gmt":"2016-07-24T18:18:11","guid":{"rendered":"http:\/\/www.lee-d-boehm.de\/?page_id=57"},"modified":"2025-10-30T09:25:35","modified_gmt":"2025-10-30T08:25:35","slug":"presse","status":"publish","type":"page","link":"https:\/\/www.lee-d-boehm.de\/en\/presse\/","title":{"rendered":"Press"},"content":{"rendered":"<p>\" data-rl_caption=\"\" title=\"\">\u00bbWestwerk-T\u00e4tige t\u00fcfteln hart an Sample-Spielereien\u00ab<\/a><\/h11>&nbsp;<br \/>\nBand zum zweiten Mal im Finale um Leipzigs &#8220;Gro\u00dfen Preis&#8221;&#8230;<br \/>\nLeipziger Volkszeitung (Printausgabe), 19.01.2000<\/p>\n<h11><a href=\"https:\/\/www.lee-d-boehm.de\/wp-content\/uploads\/2016\/09\/1999_lvz-westwerk.jpg\" data-rel=\"lightbox-gallery-UUeNBbK7\" data-rl_title=\"\" data-rl_caption=\"\" title=\"\">\u00bbVerg\u00f6\u00dfertes Westwerk beschallt die Kirche\u00ab<\/a><\/h11>&nbsp;<br \/>\nWestwerk pr\u00e4sentiert sich zu f\u00fcnft&#8230;<br \/>\nLeipziger Volkszeitung (Printausgabe), 08.09.1999<\/p>\n<h11><a href=\"https:\/\/www.lee-d-boehm.de\/wp-content\/uploads\/2016\/09\/1998_lvz-westwerk.jpg\" data-rel=\"lightbox-gallery-UUeNBbK7\" data-rl_title=\"\" data-rl_caption=\"\" title=\"\">\u00bbVerfrickelte Produkte aus dem Westwerk\u00ab<\/a><\/h11>&nbsp;<br \/>\nLee D. B\u00f6hm und Kai Kauerhof im Finale um &#8220;Leipzig w\u00e4hlt die Band des Jahres&#8221;&#8230;<br \/>\nLeipziger Volkszeitung (Printausgabe), 05.12.1998Lee D. B\u00f6hm is a representative of the &#8220;New Leipzig School&#8221; and presents a broad range of paintings, graphics and illustrations. She graduated with distinction from the Hochschule f\u00fcr Grafik und Buchkunst Leipzig, where she devoted herself to her professions after musical excursions: the production of figurative pictures in large and small formats. Whether in oil on canvas or as illustrations in the children&#8217;s books that have been on the market since 2015 &#8211; it is one and the same recognizable visual language with which the artist communicates. <\/p>\n<p><strong>(Only in german)<\/strong><\/p>\n<h11><a href=\"https:\/\/lbz.rlp.de\/ueber-uns\/presse\/detail\/mit-buechern-waechst-man-besser\" rel=\"noopener noreferrer\" target=\"_blank\">\u00bbMit B\u00fcchern w\u00e4chst man besser: &#8220;B\u00fccherminis&#8221; aufgepeppt &#8211; Lesespa\u00df f\u00fcr die Kleinsten\u00ab<\/a><\/h11>&nbsp;<br \/>\nPressemitteilung Landesbibliothekszentrum Rheinland-Pfalz \/ Landesb\u00fcchereistelle, 20.07.2020<\/p>\n<h11><a href=\"https:\/\/www.lee-d-boehm.de\/wp-content\/uploads\/2019\/11\/MDR-Kultur_Lee_D-Boehm_Landlaeuferin.mp3\" target=\"_blank\" rel=\"noopener noreferrer\">\u00bbDie Landl\u00e4uferin\u00ab<\/a><\/h11>&nbsp;<br \/>\nUlrike Thielmann \u00fcber die neue Ausstellung von Lee D. B\u00f6hm in Geithain, wie sie als K\u00fcnstlerin der Neuen Leipziger Schule ein breites malerisches und grafisches Werk pr\u00e4sentiert.<br \/>\nMDR Kultur, 30.10.2019<\/p>\n<h11><a href=\"https:\/\/www.lee-d-boehm.de\/wp-content\/uploads\/2018\/07\/20180628_BZ_Kinder_machen_Bu\u0308cher.png\" rel=\"noopener noreferrer\" target=\"_blank\" data-rel=\"lightbox-gallery-UUeNBbK7\" data-rl_title=\"\" data-rl_caption=\"\" title=\"\">\u00bbKinder machen eigene B\u00fccher\u00ab<\/a><\/h11>&nbsp;<br \/>\nKita-Projekt mit der K\u00fcnstlerin Lee D. B\u00f6hm<br \/>\n(Borkener Zeitung, 28. Juni 2018)<\/p>\n<h11><a href=\"https:\/\/www.boehm-und-boehm.de\/wp-content\/uploads\/2018\/04\/2018_04-12_th\u00fcringer_allgemeine.jpg\" rel=\"noopener noreferrer\" target=\"_blank\" data-rel=\"lightbox-gallery-UUeNBbK7\" data-rl_title=\"\" data-rl_caption=\"\" title=\"\">&#8220;Geschichte vorgelesen und live illustriert&#8221;<\/a><\/h11>&nbsp;<br \/>\nAndrea B\u00f6hm und Lee D. B\u00f6hm aus Leipzig geben an Udestedter Grundschule&nbsp;<br \/>\neine spannende Lesung f\u00fcr Kinder<br \/>\nTh\u00fcringer Allgemeine, 12.04.2018<\/p>\n<h11><a href=\"https:\/\/www.boehm-und-boehm.de\/wp-content\/uploads\/2018\/04\/2018_03-25_sachsen_sonntag.jpg\" data-rel=\"lightbox-gallery-UUeNBbK7\" data-rl_title=\"\" data-rl_caption=\"\" title=\"\">Leipziger Buchmesse 2018 &#8211; Neues Buch aus der B\u00f6hm &#038; B\u00f6hm-Kinderbuchreihe<\/a><\/h11>&nbsp;<br \/>\nSachsen Sonntag, 25.03.2018<\/p>\n<h11><a href=\"https:\/\/www.lee-d-boehm.de\/wp-content\/uploads\/2018\/05\/LVZ_17.-18.03.2018.jpg\" data-rel=\"lightbox-gallery-UUeNBbK7\" data-rl_title=\"\" data-rl_caption=\"\" title=\"\">\u00bbDruckfrisches aus dem Hause B\u00f6hm\u00ab<\/a><\/h11>&nbsp;<br \/>\nWohnblog-Spezial zur Buchmesse: Atelierbesuch bei Lee D. B\u00f6hm<br \/>\nvon Regina Katzer, Leipziger Volkszeitung (Printausgabe) \/ <a href=\"https:\/\/untermdach.lvz.de\/druckfrisches-aus-dem-hause-boehm\/\" target=\"_blank\">Onlineversion<\/a>, 17.\/18.03.2018<\/p>\n<h11><a href=\"http:\/\/www.lvz.de\/Nachrichten\/Kultur\/Kultur-Regional\/Premiere-fuer-eine-Ente-Leipziger-Kinderbuch-erscheint-zu-Buchmesse\" rel=\"noopener noreferrer\" target=\"_blank\">B\u00f6hm &#038; B\u00f6hm &#8211; Premiere f\u00fcr eine Ente: Leipziger Kinderbuch erscheint zur Buchmesse<\/a><\/h11>&nbsp;<br \/>\nIn den vergangenen Jahren haben die beiden Leipziger Schwestern Andrea und Lee mit &nbsp;<br \/>\nihren Kinderb\u00fcchern bereits viele Fans gesammelt. P\u00fcnktlich zur Buchmesse erscheint nun<br \/>\nder vierte Streich.<br \/>\nLVZ-Online, 14.03.2018<\/p>\n<h11><a href=\"https:\/\/www.boehm-und-boehm.de\/wp-content\/uploads\/2017\/04\/MDR-Beitrag_B%C3%B6hm-B%C3%B6hm_Kinderbuecher-_aus_Leipzig.mp3\" rel=\"noopener noreferrer\" target=\"_blank\">\u00bbB\u00f6hm &#038; B\u00f6hm: Kinderb\u00fccher aus Leipzig\u00ab<\/a><\/h11>&nbsp;<br \/>\nvon Dr. Tino Dallmann, MDR-Kultur, 17.04.2017<\/p>\n<h11><a href=\"http:\/\/buchkind-blog.de\/der-kleine-spatz-der-aus-einem-ganz-eigenen-grund-nicht-fliegen-wollte\" rel=\"noopener noreferrer\" target=\"_blank\">\u00bbDer kleine Spatz, der aus einem ganz eigenen Grund nicht fliegen wollte\u00ab<\/a><\/h11>&nbsp;<br \/>\nvon Dagmar Eckhardt, Buchkind-Blog, 10.12.2016<\/p>\n<h11><a href=\"https:\/\/www.lee-d-boehm.de\/wp-content\/uploads\/2016\/09\/2016-07-24-Interview_Sachsen_Sonntag.pdf\">\u00bbEs gibt fast nichts ohne Bedeutung\u00ab<\/a><\/h11>&nbsp;<br \/>\nAndrea und Lee D. B\u00f6hm \u00fcber Unzufriedenheit, \u00dcberraschungen und Suchspiele&#8230;<br \/>\nSachsen Sonntag, 24.07.2016<\/p>\n<h11><a href=\"https:\/\/www.lee-d-boehm.de\/wp-content\/uploads\/2016\/09\/2016-03-16-Leipziger_Volkszeitung_Printausgabe.jpg\" data-rel=\"lightbox-gallery-UUeNBbK7\" data-rl_title=\"\" data-rl_caption=\"\" title=\"\">\u00bbKomplett in Leipzig entstanden\u00ab<\/a><\/h11>&nbsp;<br \/>\nZweites Kinderbuch der B\u00f6hm-Schwestern&#8230;<br \/>\nLeipziger Volkszeitung (Printausgabe), 16.03.2016<\/p>\n<h11><a href=\"https:\/\/www.lee-d-boehm.de\/wp-content\/uploads\/2016\/09\/2015-09-23_elbe_express.jpg\" data-rel=\"lightbox-gallery-UUeNBbK7\" data-rl_title=\"\" data-rl_caption=\"\" title=\"\">\u00bbAusstellungser\u00f6ffnung im Rathaus\u00ab<\/a><\/h11>&nbsp;<br \/>\nElbe Express, 23.09.2015<\/p>\n<h11><a href=\"https:\/\/www.lee-d-boehm.de\/wp-content\/uploads\/2016\/09\/2015-09-20_bericht_hallo_nachbar.pdf\">\u00bbAusstellungser\u00f6ffnung &amp; Buchpr\u00e4sentation Andrea und Lee D. B\u00f6hm\u00ab<\/a><\/h11>&nbsp;<br \/>\nHallo Nachbar, 20.09.2015<\/p>\n<h11><a href=\"https:\/\/www.lee-d-boehm.de\/wp-content\/uploads\/2016\/09\/2015-06-06_Suedthueringer-Zeitung.jpg\" data-rel=\"lightbox-gallery-UUeNBbK7\" data-rl_title=\"\" data-rl_caption=\"\" title=\"\">\u00bbVorgelesen und gemalt\u00ab<\/a><\/h11>&nbsp;<br \/>\nS\u00fcdth\u00fcringer Zeitung, 06.06.2015<\/p>\n<h11><a href=\"https:\/\/www.lee-d-boehm.de\/wp-content\/uploads\/2016\/09\/2015-02-buechergilde_artclub_kuenstlerportrait.pdf\">\u00bbDas K\u00fcnstler-Portrait: Lee D. B\u00f6hm\u00ab<\/a><\/h11>&nbsp;<br \/>\nArtclub Journal Nr. 73 2\/2015, B\u00fcchergilde Gutenberg<\/p>\n<h11><a href=\"https:\/\/www.lee-d-boehm.de\/wp-content\/uploads\/2016\/09\/2015-03-13_der_kleine_spatz_lvz-online.pdf\">\u00bbDer kleine Spatz: Zwei Schwestern aus Leipzig bringen ohne Hilfe ein Kinderbuch heraus\u00ab<\/a><\/h11>&nbsp;<br \/>\nLVZ-Online, 13.03.2015<\/p>\n<h11><a href=\"http:\/\/www.kiss-and-tell.de\/schulprojekt\">\u00bbAuf den Spuren der Malerin Lee D. B\u00f6hm\u00ab<\/a><\/h11>&nbsp;<br \/>\nInterview auf dem Lifestyle-Blog Kiss &amp; Tell, 05.02.2015<\/p>\n<h11><a href=\"https:\/\/www.lee-d-boehm.de\/wp-content\/uploads\/2016\/09\/2014-04-23_lvz-delikatessen.jpg\" data-rel=\"lightbox-gallery-UUeNBbK7\" data-rl_title=\"\" data-rl_caption=\"\" title=\"\">\u00bbDelikatessen im Gericht\u00ab<\/a><\/h11>&nbsp;<br \/>\nLeipziger Volkszeitung (Printausgabe), 23.04.2014<\/p>\n<h11>>Lee D. B\u00f6hm \u2013 Kunst mit feministischem Anspruch\u00ab<\/h11>&nbsp;<br \/>\nArtikel zur Ausstellung \u00bbNach dem Nebel\u00ab<br \/>\nauf Spezialinfo.com, 06.12.2013<\/p>\n<h11><a href=\"https:\/\/www.lee-d-boehm.de\/wp-content\/uploads\/2016\/09\/2012-03_prinz.jpg\" data-rel=\"lightbox-gallery-UUeNBbK7\" data-rl_title=\"\" data-rl_caption=\"\" title=\"\"> \u00bbLee D. B\u00f6hm &#8211; Vernissage\u00ab<\/a><\/h11>&nbsp;<br \/>\nPRINZ Stadtmagazin, 03\/2012<\/p>\n<h11><a href=\"https:\/\/www.lee-d-boehm.de\/wp-content\/uploads\/2016\/09\/2007-01-30_memminger-zeitung.jpg\" data-rel=\"lightbox-gallery-UUeNBbK7\" data-rl_title=\"\" data-rl_caption=\"\" title=\"\">\u00bbWie die Welt auss\u00e4he, wenn&#8230;\u00ab<\/a><\/h11>&nbsp;<br \/>\n&#8230;die Menschenrechte Realit\u00e4t w\u00e4ren: Ein Abend im Museum mit der K\u00fcnstlerin Lee D. B\u00f6hm<br \/>\nMemminger Zeitung (Printausgabe), 30.01.2007<\/p>\n<h11><a href=\"https:\/\/www.lee-d-boehm.de\/wp-content\/uploads\/2016\/09\/2005-04_buechergilde_mag_titel.jpg\" data-rel=\"lightbox-gallery-UUeNBbK7\" data-rl_title=\"\" data-rl_caption=\"\" title=\"\">\u00bbLee D. B\u00f6hm illustriert die Menschenrechte\u00ab<\/a><br \/>\n<a href=\"https:\/\/www.lee-d-boehm.de\/wp-content\/uploads\/2016\/09\/2005-04_buechergilde_mag.jpg\" data-rel=\"lightbox-gallery-UUeNBbK7\" data-rl_title=\"\" data-rl_caption=\"\" title=\"\">\u00bbAllgemeine Erkl\u00e4rung der Menschenrechte &#8211; Illustriert von Lee D. B\u00f6hm\u00ab<\/a><\/h11>&nbsp;<br \/>\nB\u00fcchergilde Magazin, 4\/2005<\/p>\n<h11><a href=\"https:\/\/www.lee-d-boehm.de\/wp-content\/uploads\/2016\/09\/2004-05-kreuzer.jpg\" data-rel=\"lightbox-gallery-UUeNBbK7\" data-rl_title=\"\" data-rl_caption=\"\" title=\"\">\u00bbEnglisch f\u00fcr Anf\u00e4nger\u00ab<\/a><\/h11>&nbsp;<br \/>\nSch\u00f6n und n\u00fctzlich: Das Gambian-schoolbook-project darf sich \u00fcber eine Auszeichnung freuen.<br \/>\n<span class=\"st\">kreuzer &#8211; Das Leipzig Magazin, 04\/2004<\/span><\/p>\n<h11><a href=\"https:\/\/www.lee-d-boehm.de\/wp-content\/uploads\/2016\/09\/2004-08-14_leipziger_volkszeitung.jpg\" data-rel=\"lightbox-gallery-UUeNBbK7\" data-rl_title=\"\" data-rl_caption=\"\" title=\"\">\u00bbNiemals allein zu Hause\u00ab<\/a><\/h11>&nbsp;<br \/>\nLee D. B\u00f6hms farbenfrohe Parallelwelten bl\u00fchen in der Galerie Blumen.<br \/>\nLeipziger Volkszeitung (Printausgabe), 23.04.2004<\/p>\n<h11><a href=\"https:\/\/www.lee-d-boehm.de\/wp-content\/uploads\/2016\/09\/2004_juli-prinz-leipzig.jpg\" data-rel=\"lightbox-gallery-UUeNBbK7\" data-rl_title=\"\" data-rl_caption=\"\" title=\"\">\u00bbPlatten aus dem Revier \u2013 Save as music \u2013 HEYDAY\u00ab<\/a><\/h11>&nbsp;<br \/>\nErstklassiges Popalbum mit wasserdichten Hooks\u2026<br \/>\nPrinz-Magazin (Printausgabe), 07\/2004<\/p>\n<h11><a href=\"https:\/\/www.lee-d-boehm.de\/wp-content\/uploads\/2016\/09\/2003-03_page.jpg\" data-rel=\"lightbox-gallery-UUeNBbK7\" data-rl_title=\"\" data-rl_caption=\"\" title=\"\">\u00bbEchte Wohltat\u00ab<\/a><\/h11>&nbsp;<br \/>\nDie sch\u00f6nsten deutschen B\u00fccher&#8230;<br \/>\nPage (Printausgabe), 03\/2003<\/p>\n<h11><a href=\"https:\/\/www.lee-d-boehm.de\/wp-content\/uploads\/2016\/09\/2003_lvz-westwerk.jpg\" data-rel=\"lightbox-gallery-UUeNBbK7\" data-rl_title=\"\" data-rl_caption=\"\" title=\"\">\u00bbWestwerk &amp; der John-Lennon-Talent-Award\u00ab<\/a><\/h11>&nbsp;<br \/>\nWestwerk auf leichten F\u00fc\u00dfen im Halbfinale&#8230;<br \/>\nLeipziger Volkszeitung (Printausgabe), 09\/2003<\/p>\n<h11><a href=\"https:\/\/www.lee-d-boehm.de\/wp-content\/uploads\/2016\/09\/2001_blitz-magazin-1.jpg\" data-rel=\"lightbox-gallery-UUeNBbK7\" data-rl_title=\"\" data-rl_caption=\"\" title=\"\">\u00bbEnglish for beginners &#8211; Machen statt Meckern\u00ab<\/a><\/h11>&nbsp;<br \/>\nBlitz Stadtmagazin (Printausgabe), 04\/2001<\/p>\n<h11><a href=\"https:\/\/www.lee-d-boehm.de\/wp-content\/uploads\/2016\/09\/2000_lvz-westwerk-1.jpg\" data-rel=\"lightbox-gallery-UUeNBbK7\" data-rl_title=\"\" data-rl_caption=\"\" title=\"\">\u00bbWestwerk-T\u00e4tige t\u00fcfteln hart an Sample-Spielereien\u00ab<\/a><\/h11>&nbsp;<br \/>\nBand zum zweiten Mal im Finale um Leipzigs &#8220;Gro\u00dfen Preis&#8221;&#8230;<br \/>\nLeipziger Volkszeitung (Printausgabe), 19.01.2000<\/p>\n<h11><a href=\"https:\/\/www.lee-d-boehm.de\/wp-content\/uploads\/2016\/09\/1999_lvz-westwerk-1.jpg\" data-rel=\"lightbox-gallery-UUeNBbK7\" data-rl_title=\"\" data-rl_caption=\"\" title=\"\">\u00bbVerg\u00f6\u00dfertes Westwerk beschallt die Kirche\u00ab<\/a><\/h11>&nbsp;<br \/>\nWestwerk pr\u00e4sentiert sich zu f\u00fcnft&#8230;<br \/>\nLeipziger Volkszeitung (Printausgabe), 08.09.1999<\/p>\n<h11><a href=\"https:\/\/www.lee-d-boehm.de\/wp-content\/uploads\/2016\/09\/1998_lvz-westwerk-1.jpg\" data-rel=\"lightbox-gallery-UUeNBbK7\" data-rl_title=\"\" data-rl_caption=\"\" title=\"\">\u00bbVerfrickelte Produkte aus dem Westwerk\u00ab<\/a><\/h11>&nbsp;<br \/>\nLee D. B\u00f6hm und Kai Kauerhof im Finale um &#8220;Leipzig w\u00e4hlt die Band des Jahres&#8221;&#8230;<br \/>\nLeipziger Volkszeitung (Printausgabe), 05.12.1998<\/p>","protected":false},"excerpt":{"rendered":"<p>&#8221; data-rl_caption=&#8221;&#8221; title=&#8221;&#8221;>\u00bbWestwerk-T\u00e4tige t\u00fcfteln hart an Sample-Spielereien\u00ab&nbsp; Band zum zweiten Mal im Finale um Leipzigs &#8220;Gro\u00dfen Preis&#8221;&#8230; Leipziger Volkszeitung (Printausgabe), 19.01.2000 \u00bbVerg\u00f6\u00dfertes Westwerk beschallt die Kirche\u00ab&nbsp; Westwerk pr\u00e4sentiert sich zu f\u00fcnft&#8230; Leipziger Volkszeitung (Printausgabe), 08.09.1999 \u00bbVerfrickelte Produkte aus dem Westwerk\u00ab&nbsp; Lee D. B\u00f6hm und Kai Kauerhof im Finale um &#8220;Leipzig w\u00e4hlt die Band des Jahres&#8221;&#8230; &hellip; <a href=\"https:\/\/www.lee-d-boehm.de\/en\/presse\/\" class=\"more-link\">Continue reading<span class=\"screen-reader-text\"> &#8220;Press&#8221;<\/span><\/a><\/p>\n","protected":false},"author":1,"featured_media":0,"parent":0,"menu_order":0,"comment_status":"closed","ping_status":"closed","template":"page_wide.php","meta":{"footnotes":""},"class_list":["post-57","page","type-page","status-publish"],"_links":{"self":[{"href":"https:\/\/www.lee-d-boehm.de\/en\/wp-json\/wp\/v2\/pages\/57","targetHints":{"allow":["GET"]}}],"collection":[{"href":"https:\/\/www.lee-d-boehm.de\/en\/wp-json\/wp\/v2\/pages"}],"about":[{"href":"https:\/\/www.lee-d-boehm.de\/en\/wp-json\/wp\/v2\/types\/page"}],"author":[{"embeddable":true,"href":"https:\/\/www.lee-d-boehm.de\/en\/wp-json\/wp\/v2\/users\/1"}],"replies":[{"embeddable":true,"href":"https:\/\/www.lee-d-boehm.de\/en\/wp-json\/wp\/v2\/comments?post=57"}],"version-history":[{"count":0,"href":"https:\/\/www.lee-d-boehm.de\/en\/wp-json\/wp\/v2\/pages\/57\/revisions"}],"wp:attachment":[{"href":"https:\/\/www.lee-d-boehm.de\/en\/wp-json\/wp\/v2\/media?parent=57"}],"curies":[{"name":"wp","href":"https:\/\/api.w.org\/{rel}","templated":true}]}}