{"id":29,"date":"2016-07-24T14:23:15","date_gmt":"2016-07-24T12:23:15","guid":{"rendered":"http:\/\/www.lee-d-boehm.de\/?page_id=29"},"modified":"2025-01-07T16:26:18","modified_gmt":"2025-01-07T15:26:18","slug":"buecher","status":"publish","type":"page","link":"https:\/\/www.lee-d-boehm.de\/en\/buecher\/","title":{"rendered":"Books (selection)"},"content":{"rendered":"<p><script type=\"text\/javascript\">\/\/ <![CDATA[ \nfunction handleChange() { var arr = document.getElementById( 'subnav' ) ; window.location = arr.value ; } \/\/ ]]><\/script><select id=\"subnav\" name=\"subnav\" onchange=\"handleChange()\"><option selected=\"selected\" value=\"https:\/\/www.lee-d-boehm.de\/en\/books\/\">Books (selection)<\/option><option value=\"https:\/\/www.lee-d-boehm.de\/en\/buecher\/Katalog-#-malerei\/\">Catalog #Painting<\/option><option value=\"https:\/\/www.lee-d-boehm.de\/en\/buecher\/aller-guten-wuensche\/\">All Good Wishes&#8230;<\/option><option value=\"https:\/\/www.lee-d-boehm.de\/en\/buecher\/die-rabenweihnacht\/\">The Raven Christmas<\/option><option value=\"https:\/\/www.lee-d-boehm.de\/en\/buecher\/das-kleine-wildschwein-und-der-traumhafte-flug\/\">The Little Boar And The Dreamlike Flight<\/option><option value=\"https:\/\/www.lee-d-boehm.de\/en\/buecher\/der-kleine-spatz-und-das-ungeheuer\/\">The Little Sparrow And The Monster<\/option><option value=\"https:\/\/www.lee-d-boehm.de\/en\/buecher\/der-schlaue-pelikan-und-der-zauberfisch\/\">The Smart Pelican And The Magic Fish<\/option><option value=\"https:\/\/www.lee-d-boehm.de\/en\/buecher\/das-huhn-angelika\/\">The Hen Angelika<\/option><option value=\"https:\/\/www.lee-d-boehm.de\/en\/buecher\/die-tollpatschige-ente-und-der-sternenhimmel\/\">The Clumsy Duck And The Starry Sky<\/option><option value=\"https:\/\/www.lee-d-boehm.de\/en\/buecher\/english-for-beginners\/\">English For Beginners<\/option><option value=\"https:\/\/www.lee-d-boehm.de\/en\/buecher\/allgemeine-erklaerung-der-menschenrechte\/\">Universal Declaration Of Human Rights<\/option><option value=\"https:\/\/www.lee-d-boehm.de\/en\/buecher\/boehmische-doerfer\/\">\u200eGew\u00f6hnliche Ode \/ B\u00f6hmische D\u00f6rfer<\/option><\/select><\/p>\n<p><a href=\"https:\/\/www.lee-d-boehm.de\/buecher\/katalog-malerei\/\"><h8>#Malerei \/ #Painting (2020) \/ Leipzig \/ ISBN 978-3-947511-25-9<h\/8><\/a><\/p>\n<p><a href=\"https:\/\/www.lee-d-boehm.de\/buecher\/#-malerei\/\"><img loading=\"lazy\" decoding=\"async\" class=\"alignleft wp-image-860\" src=\"https:\/\/www.lee-d-boehm.de\/wp-content\/uploads\/2022\/02\/2020_KATALOG_MALEREI.jpg\" alt=\"umschlag\" width=\"1400\" height=\"962\" \/><\/a><br \/>\n&nbsp;<\/p>\n<p><a href=\"https:\/\/www.lee-d-boehm.de\/buecher\/aller-guten-wuensche\/\"><h8>Aller guten W\u00fcnsche&#8230; \/ All Good Wishes&#8230; (2020)<br \/>\nB\u00f6hm &amp; B\u00f6hm \/ Leipzig \/ ISBN 978-3-947511-25-9<\/h8><\/a><\/p>\n<p><a href=\"https:\/\/www.lee-d-boehm.de\/buecher\/aller-guten-wuensche\/\"><img loading=\"lazy\" decoding=\"async\" class=\"alignleft wp-image-860\" src=\"https:\/\/www.lee-d-boehm.de\/wp-content\/uploads\/2022\/01\/2020_AGW_Umschlag.jpg\" alt=\"umschlag\" width=\"1400\" height=\"962\" \/><\/a><br \/>\n&nbsp;<\/p>\n<p><a href=\"https:\/\/www.lee-d-boehm.de\/buecher\/die-rabenweihnacht\/\"><h8>Die Rabenweihnacht \/ The Raven Christmas (2021)<br \/>\nB\u00f6hm &amp; B\u00f6hm \/ Leipzig \/ ISBN 978-3-947511-00-6<\/h8><\/a><\/p>\n<p><a href=\"https:\/\/www.lee-d-boehm.de\/buecher\/die-rabenweihnacht\/\"><img loading=\"lazy\" decoding=\"async\" class=\"alignleft wp-image-860\" src=\"https:\/\/www.lee-d-boehm.de\/wp-content\/uploads\/2022\/01\/2021_Rabe_Cover.jpg\" alt=\"\" width=\"1400\" height=\"962\" \/><\/a><br \/>\n&nbsp;<\/p>\n<p><a href=\"https:\/\/www.lee-d-boehm.de\/buecher\/das-kleine-wildschwein-und-der-traumhafte-flug\/\"><h8>Das kleine Wildschwein und der traumhafte Flug \/ The Little Boar And The Dreamlike Flight (2019)<br \/>\nB\u00f6hm &amp; B\u00f6hm \/ Leipzig \/ ISBN 978-3-947511-10-5<\/h8><\/a><\/p>\n<p><a href=\"https:\/\/www.lee-d-boehm.de\/buecher\/das-kleine-wildschwein-und-der-traumhafte-flug\/\"><img loading=\"lazy\" decoding=\"async\" class=\"alignleft wp-image-2844\" src=\"https:\/\/www.lee-d-boehm.de\/wp-content\/uploads\/2019\/04\/kleines_wildschwein_cover.jpg\" alt=\"\" width=\"1400\" height=\"937\" srcset=\"https:\/\/www.lee-d-boehm.de\/wp-content\/uploads\/2019\/04\/kleines_wildschwein_cover.jpg 1440w, https:\/\/www.lee-d-boehm.de\/wp-content\/uploads\/2019\/04\/kleines_wildschwein_cover-400x268.jpg 400w, https:\/\/www.lee-d-boehm.de\/wp-content\/uploads\/2019\/04\/kleines_wildschwein_cover-768x514.jpg 768w, https:\/\/www.lee-d-boehm.de\/wp-content\/uploads\/2019\/04\/kleines_wildschwein_cover-1024x686.jpg 1024w, https:\/\/www.lee-d-boehm.de\/wp-content\/uploads\/2019\/04\/kleines_wildschwein_cover-1200x803.jpg 1200w\" sizes=\"auto, (max-width: 709px) 85vw, (max-width: 909px) 67vw, (max-width: 1362px) 62vw, 840px\" \/><\/a><br \/>\n&nbsp;<\/p>\n<p><a href=\"https:\/\/www.lee-d-boehm.de\/buecher\/der-kleine-spatz-und-das-ungeheuer\/\"><h8>Der kleine Spatz und das Ungeheuer \/ The Little Sparrow and the Monster (2015)<br \/>\nB\u00f6hm &amp; B\u00f6hm \/ Leipzig \/ ISBN 978-3-00-048668-5<\/h8><\/a><\/p>\n<p><a href=\"https:\/\/www.lee-d-boehm.de\/buecher\/der-kleine-spatz-und-das-ungeheuer\/\"><img loading=\"lazy\" decoding=\"async\" class=\"alignleft wp-image-860\" src=\"https:\/\/www.lee-d-boehm.de\/wp-content\/uploads\/2016\/08\/umschlag--1024x703.jpg\" alt=\"umschlag\" width=\"1400\" height=\"962\" srcset=\"https:\/\/www.lee-d-boehm.de\/wp-content\/uploads\/2016\/08\/umschlag--1024x703.jpg 1024w, https:\/\/www.lee-d-boehm.de\/wp-content\/uploads\/2016\/08\/umschlag--350x240.jpg 350w, https:\/\/www.lee-d-boehm.de\/wp-content\/uploads\/2016\/08\/umschlag--768x528.jpg 768w, https:\/\/www.lee-d-boehm.de\/wp-content\/uploads\/2016\/08\/umschlag--1200x824.jpg 1200w, https:\/\/www.lee-d-boehm.de\/wp-content\/uploads\/2016\/08\/umschlag-.jpg 1361w\" sizes=\"auto, (max-width: 709px) 85vw, (max-width: 909px) 67vw, (max-width: 1362px) 62vw, 840px\" \/><\/a><\/p>\n<p>&nbsp;<br \/>\n<a href=\"https:\/\/www.lee-d-boehm.de\/buecher\/der-schlaue-pelikan-und-der-zauberfisch\/\"><h8>Der schlaue Pelikan und der Zauberfisch \/ The Smart Pelican and the Magic Fish (2016)<br \/>\nB\u00f6hm &amp; B\u00f6hm \/ Leipzig \/ ISBN 978-3-00-052340-3<\/h8><\/a><\/p>\n<p><a href=\"https:\/\/www.lee-d-boehm.de\/buecher\/der-schlaue-pelikan-und-der-zauberfisch\/\"><img loading=\"lazy\" decoding=\"async\" class=\"alignleft wp-image-1306\" src=\"https:\/\/www.lee-d-boehm.de\/wp-content\/uploads\/2016\/09\/2016_der_schlaue_pelikan_titel.jpg\" alt=\"2016_der_schlaue_pelikan_titel\" width=\"1400\" height=\"963\" srcset=\"https:\/\/www.lee-d-boehm.de\/wp-content\/uploads\/2016\/09\/2016_der_schlaue_pelikan_titel.jpg 1440w, https:\/\/www.lee-d-boehm.de\/wp-content\/uploads\/2016\/09\/2016_der_schlaue_pelikan_titel-400x275.jpg 400w, https:\/\/www.lee-d-boehm.de\/wp-content\/uploads\/2016\/09\/2016_der_schlaue_pelikan_titel-768x528.jpg 768w, https:\/\/www.lee-d-boehm.de\/wp-content\/uploads\/2016\/09\/2016_der_schlaue_pelikan_titel-1024x704.jpg 1024w, https:\/\/www.lee-d-boehm.de\/wp-content\/uploads\/2016\/09\/2016_der_schlaue_pelikan_titel-1200x825.jpg 1200w\" sizes=\"auto, (max-width: 709px) 85vw, (max-width: 909px) 67vw, (max-width: 1362px) 62vw, 840px\" \/><\/a><br \/>\n&nbsp;<\/p>\n<p><a href=\"https:\/\/www.lee-d-boehm.de\/buecher\/das-huhn-angelika\/\"><h8>Das Huhn Angelika \/ The Hen Angelika (2017)<br \/>\nB\u00f6hm &amp; B\u00f6hm \/ Leipzig \/ ISBN 978-3-00-055746-0<\/h8><\/a><\/p>\n<p><a href=\"https:\/\/www.lee-d-boehm.de\/buecher\/das-huhn-angelika\/\"><img loading=\"lazy\" decoding=\"async\" class=\"alignleft wp-image-2309\" src=\"https:\/\/www.lee-d-boehm.de\/wp-content\/uploads\/2018\/05\/huhn_angelika_cover-1024x693.jpg\" alt=\"\" width=\"1400\" height=\"948\" srcset=\"https:\/\/www.lee-d-boehm.de\/wp-content\/uploads\/2018\/05\/huhn_angelika_cover-1024x693.jpg 1024w, https:\/\/www.lee-d-boehm.de\/wp-content\/uploads\/2018\/05\/huhn_angelika_cover-400x271.jpg 400w, https:\/\/www.lee-d-boehm.de\/wp-content\/uploads\/2018\/05\/huhn_angelika_cover-768x520.jpg 768w, https:\/\/www.lee-d-boehm.de\/wp-content\/uploads\/2018\/05\/huhn_angelika_cover-1200x813.jpg 1200w, https:\/\/www.lee-d-boehm.de\/wp-content\/uploads\/2018\/05\/huhn_angelika_cover.jpg 1440w\" sizes=\"auto, (max-width: 709px) 85vw, (max-width: 909px) 67vw, (max-width: 1362px) 62vw, 840px\" \/><\/a><\/p>\n<p>&nbsp;<br \/>\n<a href=\"https:\/\/www.lee-d-boehm.de\/buecher\/die-tollpatschige-ente-und-der-sternenhimmel\/\"><h8>Die tollpatschige Ente und der Sternenhimmel \/ The Clumsy Duck And The Starry Sky (2018)<br \/>\nB\u00f6hm &amp; B\u00f6hm \/ Leipzig \/ ISBN 978-3-947511-04-4<\/h8><\/a><\/p>\n<p><a href=\"https:\/\/www.lee-d-boehm.de\/buecher\/die-tollpatschige-ente-und-der-sternenhimmel\/\"><img loading=\"lazy\" decoding=\"async\" class=\"alignleft wp-image-2347\" src=\"https:\/\/www.lee-d-boehm.de\/wp-content\/uploads\/2018\/05\/tollpatschige_ente_cover-1024x711.jpg\" alt=\"\" width=\"1400\" height=\"972\" srcset=\"https:\/\/www.lee-d-boehm.de\/wp-content\/uploads\/2018\/05\/tollpatschige_ente_cover-1024x711.jpg 1024w, https:\/\/www.lee-d-boehm.de\/wp-content\/uploads\/2018\/05\/tollpatschige_ente_cover-400x278.jpg 400w, https:\/\/www.lee-d-boehm.de\/wp-content\/uploads\/2018\/05\/tollpatschige_ente_cover-768x533.jpg 768w, https:\/\/www.lee-d-boehm.de\/wp-content\/uploads\/2018\/05\/tollpatschige_ente_cover-1200x833.jpg 1200w, https:\/\/www.lee-d-boehm.de\/wp-content\/uploads\/2018\/05\/tollpatschige_ente_cover.jpg 1440w\" sizes=\"auto, (max-width: 709px) 85vw, (max-width: 909px) 67vw, (max-width: 1362px) 62vw, 840px\" \/><\/a><\/p>\n<p>&nbsp;<br \/>\n<a href=\"https:\/\/www.lee-d-boehm.de\/english-for-beginners\/\"><h8>English for Beginners (2007)<\/h8><\/a><\/p>\n<p><a href=\"https:\/\/www.lee-d-boehm.de\/english-for-beginners\/\"><img loading=\"lazy\" decoding=\"async\" class=\"alignleft wp-image-825 size-full\" src=\"https:\/\/www.lee-d-boehm.de\/wp-content\/uploads\/2016\/08\/umschlag.jpg\" alt=\"umschlag\" width=\"1440\" height=\"1107\" srcset=\"https:\/\/www.lee-d-boehm.de\/wp-content\/uploads\/2016\/08\/umschlag.jpg 1440w, https:\/\/www.lee-d-boehm.de\/wp-content\/uploads\/2016\/08\/umschlag-350x269.jpg 350w, https:\/\/www.lee-d-boehm.de\/wp-content\/uploads\/2016\/08\/umschlag-768x590.jpg 768w, https:\/\/www.lee-d-boehm.de\/wp-content\/uploads\/2016\/08\/umschlag-1024x787.jpg 1024w, https:\/\/www.lee-d-boehm.de\/wp-content\/uploads\/2016\/08\/umschlag-1200x923.jpg 1200w\" sizes=\"auto, (max-width: 709px) 85vw, (max-width: 909px) 67vw, (max-width: 1362px) 62vw, 840px\" \/><\/a><br \/>\n&nbsp;<\/p>\n<p><a href=\"https:\/\/www.lee-d-boehm.de\/buecher\/allgemeine-erklaerung-der-menschenrechte\/\"><h8>Allgemeine Erkl\u00e4rung der Menschenrechte \/ Universal Declaration Of Human Rights (2005)<br \/>\nB\u00fcchergilde Gutenberg \/ Frankfurt a.M. \/ ISBN: 3-7632-5517-6<\/h8><\/a><\/p>\n<p><a href=\"https:\/\/www.lee-d-boehm.de\/buecher\/allgemeine-erklaerung-der-menschenrechte\/\"><img loading=\"lazy\" decoding=\"async\" class=\"alignnone wp-image-827 size-full\" src=\"https:\/\/www.lee-d-boehm.de\/wp-content\/uploads\/2016\/08\/beidebuecher.jpg\" width=\"1440\" height=\"960\" srcset=\"https:\/\/www.lee-d-boehm.de\/wp-content\/uploads\/2016\/08\/beidebuecher.jpg 1440w, https:\/\/www.lee-d-boehm.de\/wp-content\/uploads\/2016\/08\/beidebuecher-350x233.jpg 350w, https:\/\/www.lee-d-boehm.de\/wp-content\/uploads\/2016\/08\/beidebuecher-768x512.jpg 768w, https:\/\/www.lee-d-boehm.de\/wp-content\/uploads\/2016\/08\/beidebuecher-1024x683.jpg 1024w, https:\/\/www.lee-d-boehm.de\/wp-content\/uploads\/2016\/08\/beidebuecher-1200x800.jpg 1200w\" sizes=\"auto, (max-width: 709px) 85vw, (max-width: 909px) 67vw, (max-width: 1362px) 62vw, 840px\" \/><\/a><\/p>\n<p>&nbsp;<br \/>\n<a href=\"https:\/\/www.lee-d-boehm.de\/boehmische-doerfer\/\"><h8>H.C.Artmann &#8220;Gew\u00f6hnliche Ode&#8221; \/ Lee D. B\u00f6hm &#8220;B\u00f6hmische D\u00f6rfer&#8221; (1997)<\/h8><\/a><\/p>\n<div style=\"clear: both;\"><a href=\"https:\/\/www.lee-d-boehm.de\/boehmische-doerfer\/\"><img loading=\"lazy\" decoding=\"async\" class=\"alignleft wp-image-811 size-full\" src=\"https:\/\/www.lee-d-boehm.de\/wp-content\/uploads\/2016\/07\/umschlag.jpg\" alt=\"umschlag\" width=\"1440\" height=\"960\" srcset=\"https:\/\/www.lee-d-boehm.de\/wp-content\/uploads\/2016\/07\/umschlag.jpg 1440w, https:\/\/www.lee-d-boehm.de\/wp-content\/uploads\/2016\/07\/umschlag-350x233.jpg 350w, https:\/\/www.lee-d-boehm.de\/wp-content\/uploads\/2016\/07\/umschlag-768x512.jpg 768w, https:\/\/www.lee-d-boehm.de\/wp-content\/uploads\/2016\/07\/umschlag-1024x683.jpg 1024w, https:\/\/www.lee-d-boehm.de\/wp-content\/uploads\/2016\/07\/umschlag-1200x800.jpg 1200w\" sizes=\"auto, (max-width: 709px) 85vw, (max-width: 909px) 67vw, (max-width: 1362px) 62vw, 840px\" \/><\/a><\/div>\n<div style=\"clear: both;\"><\/div>\n<p><\/p>","protected":false},"excerpt":{"rendered":"<p>Books (selection)Catalog #PaintingAll Good Wishes&#8230;The Raven ChristmasThe Little Boar And The Dreamlike FlightThe Little Sparrow And The MonsterThe Smart Pelican And The Magic FishThe Hen AngelikaThe Clumsy Duck And The Starry SkyEnglish For BeginnersUniversal Declaration Of Human Rights\u200eGew\u00f6hnliche Ode \/ B\u00f6hmische D\u00f6rfer #Malerei \/ #Painting (2020) \/ Leipzig \/ ISBN 978-3-947511-25-9 &nbsp; Aller guten W\u00fcnsche&#8230; &hellip; <a href=\"https:\/\/www.lee-d-boehm.de\/en\/buecher\/\" class=\"more-link\">Continue reading<span class=\"screen-reader-text\"> &#8220;Books (selection)&#8221;<\/span><\/a><\/p>\n","protected":false},"author":1,"featured_media":0,"parent":0,"menu_order":0,"comment_status":"closed","ping_status":"closed","template":"page_wide.php","meta":{"footnotes":""},"class_list":["post-29","page","type-page","status-publish"],"_links":{"self":[{"href":"https:\/\/www.lee-d-boehm.de\/en\/wp-json\/wp\/v2\/pages\/29","targetHints":{"allow":["GET"]}}],"collection":[{"href":"https:\/\/www.lee-d-boehm.de\/en\/wp-json\/wp\/v2\/pages"}],"about":[{"href":"https:\/\/www.lee-d-boehm.de\/en\/wp-json\/wp\/v2\/types\/page"}],"author":[{"embeddable":true,"href":"https:\/\/www.lee-d-boehm.de\/en\/wp-json\/wp\/v2\/users\/1"}],"replies":[{"embeddable":true,"href":"https:\/\/www.lee-d-boehm.de\/en\/wp-json\/wp\/v2\/comments?post=29"}],"version-history":[{"count":0,"href":"https:\/\/www.lee-d-boehm.de\/en\/wp-json\/wp\/v2\/pages\/29\/revisions"}],"wp:attachment":[{"href":"https:\/\/www.lee-d-boehm.de\/en\/wp-json\/wp\/v2\/media?parent=29"}],"curies":[{"name":"wp","href":"https:\/\/api.w.org\/{rel}","templated":true}]}}