{"id":1343,"date":"2016-09-04T20:02:39","date_gmt":"2016-09-04T18:02:39","guid":{"rendered":"http:\/\/www.lee-d-boehm.de\/?page_id=1343"},"modified":"2022-03-29T21:38:36","modified_gmt":"2022-03-29T19:38:36","slug":"boehmische-doerfer","status":"publish","type":"page","link":"https:\/\/www.lee-d-boehm.de\/en\/buecher\/boehmische-doerfer\/","title":{"rendered":"\u200eH.C.Artmann &#8220;Gew\u00f6hnliche Ode&#8221; \/  Lee D. B\u00f6hm &#8220;B\u00f6hmische D\u00f6rfer&#8221;"},"content":{"rendered":"<p>H.C.Artmann &quot;Gew\u00f6hnliche Ode&quot;\/ Lee D. B\u00f6hm &quot;B\u00f6hmische D\u00f6rfer&quot; \/\/ Artbook with 7 etchings inside \/ silkscreen, hot type &amp; etching \/ 11,81 x 9,05 inches \/ 30 x 23 cm \/ 16 Ex. \/ 1997 \/ cover \" data-rl_title=\"H.C.Artmann &quot;Gew\u00f6hnliche Ode&quot;\/ Lee D. B\u00f6hm &quot;B\u00f6hmische D\u00f6rfer&quot; \/\/ Artbook with 7 etchings inside \/ silkscreen, hot type &amp; etching \/ 11,81 x 9,05 inches \/ 30 x 23 cm \/ 16 Ex. \/ 1997 \/ cover \" class=\"rl-gallery-link\" data-rl_caption=\"H.C.Artmann &quot;Gew\u00f6hnliche Ode&quot;\/ Lee D. B\u00f6hm &quot;B\u00f6hmische D\u00f6rfer&quot; \/\/ Artbook with 7 etchings inside \/ silkscreen, hot type &amp; etching \/ 11,81 x 9,05 inches \/ 30 x 23 cm \/ 16 Ex. \/ 1997 \/ cover \" data-rel=\"lightbox-gallery-1\"><img loading=\"lazy\" decoding=\"async\" width=\"600\" height=\"600\" src=\"https:\/\/www.lee-d-boehm.de\/wp-content\/uploads\/2016\/07\/umschlag-600x600.jpg\" class=\"attachment-thumbnail size-thumbnail\" alt=\"\" \/><\/a>\n\t\t\t<\/div><\/figure><figure class='gallery-item'>\n\t\t\t<div class='gallery-icon landscape'>\n\t\t\t\t<a href='https:\/\/www.lee-d-boehm.de\/wp-content\/uploads\/2016\/07\/buchschuber.jpg' title=\"H.C.Artmann &quot;Gew\u00f6hnliche Ode&quot;\/ Lee D. B\u00f6hm &quot;B\u00f6hmische D\u00f6rfer&quot; \/\/ Artbook with 7 etchings inside \/ silkscreen, hot type &amp; etching \/ 11,81 x 9,05 inches \/ 30 x 23 cm \/ 16 Ex. \/ 1997 \/ book &amp; boxed set\" data-rl_title=\"H.C.Artmann &quot;Gew\u00f6hnliche Ode&quot;\/ Lee D. B\u00f6hm &quot;B\u00f6hmische D\u00f6rfer&quot; \/\/ Artbook with 7 etchings inside \/ silkscreen, hot type &amp; etching \/ 11,81 x 9,05 inches \/ 30 x 23 cm \/ 16 Ex. \/ 1997 \/ book &amp; boxed set\" class=\"rl-gallery-link\" data-rl_caption=\"H.C.Artmann &quot;Gew\u00f6hnliche Ode&quot;\/ Lee D. B\u00f6hm &quot;B\u00f6hmische D\u00f6rfer&quot; \/\/ Artbook with 7 etchings inside \/ silkscreen, hot type &amp; etching \/ 11,81 x 9,05 inches \/ 30 x 23 cm \/ 16 Ex. \/ 1997 \/ book &amp; boxed set\" data-rel=\"lightbox-gallery-1\"><img loading=\"lazy\" decoding=\"async\" width=\"600\" height=\"600\" src=\"https:\/\/www.lee-d-boehm.de\/wp-content\/uploads\/2016\/07\/buchschuber-600x600.jpg\" class=\"attachment-thumbnail size-thumbnail\" alt=\"\" \/><\/a>\n\t\t\t<\/div><\/figure><figure class='gallery-item'>\n\t\t\t<div class='gallery-icon landscape'>\n\t\t\t\t<a href='https:\/\/www.lee-d-boehm.de\/wp-content\/uploads\/2016\/07\/buchundschuber1.jpg' title=\"H.C.Artmann &quot;Gew\u00f6hnliche Ode&quot;\/ Lee D. B\u00f6hm &quot;B\u00f6hmische D\u00f6rfer&quot; \/\/ Artbook with 7 etchings inside \/ silkscreen, hot type &amp; etching \/ 11,81 x 9,05 inches \/ 30 x 23 cm \/ 16 Ex. \/ 1997 \/ book &amp; boxed set \" data-rl_title=\"H.C.Artmann &quot;Gew\u00f6hnliche Ode&quot;\/ Lee D. B\u00f6hm &quot;B\u00f6hmische D\u00f6rfer&quot; \/\/ Artbook with 7 etchings inside \/ silkscreen, hot type &amp; etching \/ 11,81 x 9,05 inches \/ 30 x 23 cm \/ 16 Ex. \/ 1997 \/ book &amp; boxed set \" class=\"rl-gallery-link\" data-rl_caption=\"H.C.Artmann &quot;Gew\u00f6hnliche Ode&quot;\/ Lee D. B\u00f6hm &quot;B\u00f6hmische D\u00f6rfer&quot; \/\/ Artbook with 7 etchings inside \/ silkscreen, hot type &amp; etching \/ 11,81 x 9,05 inches \/ 30 x 23 cm \/ 16 Ex. \/ 1997 \/ book &amp; boxed set \" data-rel=\"lightbox-gallery-1\"><img loading=\"lazy\" decoding=\"async\" width=\"600\" height=\"600\" src=\"https:\/\/www.lee-d-boehm.de\/wp-content\/uploads\/2016\/07\/buchundschuber1-600x600.jpg\" class=\"attachment-thumbnail size-thumbnail\" alt=\"\" \/><\/a>\n\t\t\t<\/div><\/figure><figure class='gallery-item'>\n\t\t\t<div class='gallery-icon landscape'>\n\t\t\t\t<a href='https:\/\/www.lee-d-boehm.de\/wp-content\/uploads\/2016\/07\/innentitel.jpg' title=\"H.C.Artmann &quot;Gew\u00f6hnliche Ode&quot;\/ Lee D. B\u00f6hm &quot;B\u00f6hmische D\u00f6rfer&quot; \/\/ Artbook with 7 etchings inside \/ silkscreen, hot type &amp; etching \/ 11,81 x 9,05 inches \/ 30 x 23 cm \/ 16 Ex. \/ 1997 \/ title inside \" data-rl_title=\"H.C.Artmann &quot;Gew\u00f6hnliche Ode&quot;\/ Lee D. B\u00f6hm &quot;B\u00f6hmische D\u00f6rfer&quot; \/\/ Artbook with 7 etchings inside \/ silkscreen, hot type &amp; etching \/ 11,81 x 9,05 inches \/ 30 x 23 cm \/ 16 Ex. \/ 1997 \/ title inside \" class=\"rl-gallery-link\" data-rl_caption=\"H.C.Artmann &quot;Gew\u00f6hnliche Ode&quot;\/ Lee D. B\u00f6hm &quot;B\u00f6hmische D\u00f6rfer&quot; \/\/ Artbook with 7 etchings inside \/ silkscreen, hot type &amp; etching \/ 11,81 x 9,05 inches \/ 30 x 23 cm \/ 16 Ex. \/ 1997 \/ title inside \" data-rel=\"lightbox-gallery-1\"><img loading=\"lazy\" decoding=\"async\" width=\"600\" height=\"600\" src=\"https:\/\/www.lee-d-boehm.de\/wp-content\/uploads\/2016\/07\/innentitel-600x600.jpg\" class=\"attachment-thumbnail size-thumbnail\" alt=\"\" \/><\/a>\n\t\t\t<\/div><\/figure><figure class='gallery-item'>\n\t\t\t<div class='gallery-icon landscape'>\n\t\t\t\t<a href='https:\/\/www.lee-d-boehm.de\/wp-content\/uploads\/2016\/07\/doppelseitebd.jpg' title=\"H.C.Artmann &quot;Gew\u00f6hnliche Ode&quot;\/ Lee D. B\u00f6hm &quot;B\u00f6hmische D\u00f6rfer&quot; \/\/ Artbook with 7 etchings inside \/ silkscreen, hot type &amp; etching \/ 11,81 x 9,05 inches \/ 30 x 23 cm \/ 16 Ex. \/ 1997 \/ double page \" data-rl_title=\"H.C.Artmann &quot;Gew\u00f6hnliche Ode&quot;\/ Lee D. B\u00f6hm &quot;B\u00f6hmische D\u00f6rfer&quot; \/\/ Artbook with 7 etchings inside \/ silkscreen, hot type &amp; etching \/ 11,81 x 9,05 inches \/ 30 x 23 cm \/ 16 Ex. \/ 1997 \/ double page \" class=\"rl-gallery-link\" data-rl_caption=\"H.C.Artmann &quot;Gew\u00f6hnliche Ode&quot;\/ Lee D. B\u00f6hm &quot;B\u00f6hmische D\u00f6rfer&quot; \/\/ Artbook with 7 etchings inside \/ silkscreen, hot type &amp; etching \/ 11,81 x 9,05 inches \/ 30 x 23 cm \/ 16 Ex. \/ 1997 \/ double page \" data-rel=\"lightbox-gallery-1\"><img loading=\"lazy\" decoding=\"async\" width=\"600\" height=\"600\" src=\"https:\/\/www.lee-d-boehm.de\/wp-content\/uploads\/2016\/07\/doppelseitebd-600x600.jpg\" class=\"attachment-thumbnail size-thumbnail\" alt=\"\" \/><\/a>\n\t\t\t<\/div><\/figure><figure class='gallery-item'>\n\t\t\t<div class='gallery-icon landscape'>\n\t\t\t\t<a href='https:\/\/www.lee-d-boehm.de\/wp-content\/uploads\/2016\/07\/doppelseite4bd.jpg' title=\"H.C.Artmann &quot;Gew\u00f6hnliche Ode&quot;\/ Lee D. B\u00f6hm &quot;B\u00f6hmische D\u00f6rfer&quot; \/\/ Artbook with 7 etchings inside \/ silkscreen, hot type &amp; etching \/ 11,81 x 9,05 inches \/ 30 x 23 cm \/ 16 Ex. \/ 1997 \/ double page \" data-rl_title=\"H.C.Artmann &quot;Gew\u00f6hnliche Ode&quot;\/ Lee D. B\u00f6hm &quot;B\u00f6hmische D\u00f6rfer&quot; \/\/ Artbook with 7 etchings inside \/ silkscreen, hot type &amp; etching \/ 11,81 x 9,05 inches \/ 30 x 23 cm \/ 16 Ex. \/ 1997 \/ double page \" class=\"rl-gallery-link\" data-rl_caption=\"H.C.Artmann &quot;Gew\u00f6hnliche Ode&quot;\/ Lee D. B\u00f6hm &quot;B\u00f6hmische D\u00f6rfer&quot; \/\/ Artbook with 7 etchings inside \/ silkscreen, hot type &amp; etching \/ 11,81 x 9,05 inches \/ 30 x 23 cm \/ 16 Ex. \/ 1997 \/ double page \" data-rel=\"lightbox-gallery-1\"><img loading=\"lazy\" decoding=\"async\" width=\"600\" height=\"600\" src=\"https:\/\/www.lee-d-boehm.de\/wp-content\/uploads\/2016\/07\/doppelseite4bd-600x600.jpg\" class=\"attachment-thumbnail size-thumbnail\" alt=\"\" \/><\/a>\n\t\t\t<\/div><\/figure><figure class='gallery-item'>\n\t\t\t<div class='gallery-icon landscape'>\n\t\t\t\t<a href='https:\/\/www.lee-d-boehm.de\/wp-content\/uploads\/2016\/07\/doppelseite3bd.jpg' title=\"H.C.Artmann &quot;Gew\u00f6hnliche Ode&quot;\/ Lee D. B\u00f6hm &quot;B\u00f6hmische D\u00f6rfer&quot; \/\/ Artbook with 7 etchings inside \/ silkscreen, hot type &amp; etching \/ 11,81 x 9,05 inches \/ 30 x 23 cm \/ 16 Ex. \/ 1997 \/ double page \" data-rl_title=\"H.C.Artmann &quot;Gew\u00f6hnliche Ode&quot;\/ Lee D. B\u00f6hm &quot;B\u00f6hmische D\u00f6rfer&quot; \/\/ Artbook with 7 etchings inside \/ silkscreen, hot type &amp; etching \/ 11,81 x 9,05 inches \/ 30 x 23 cm \/ 16 Ex. \/ 1997 \/ double page \" class=\"rl-gallery-link\" data-rl_caption=\"H.C.Artmann &quot;Gew\u00f6hnliche Ode&quot;\/ Lee D. B\u00f6hm &quot;B\u00f6hmische D\u00f6rfer&quot; \/\/ Artbook with 7 etchings inside \/ silkscreen, hot type &amp; etching \/ 11,81 x 9,05 inches \/ 30 x 23 cm \/ 16 Ex. \/ 1997 \/ double page \" data-rel=\"lightbox-gallery-1\"><img loading=\"lazy\" decoding=\"async\" width=\"600\" height=\"600\" src=\"https:\/\/www.lee-d-boehm.de\/wp-content\/uploads\/2016\/07\/doppelseite3bd-600x600.jpg\" class=\"attachment-thumbnail size-thumbnail\" alt=\"\" \/><\/a>\n\t\t\t<\/div><\/figure><figure class='gallery-item'>\n\t\t\t<div class='gallery-icon landscape'>\n\t\t\t\t<a href='https:\/\/www.lee-d-boehm.de\/wp-content\/uploads\/2016\/07\/doppelseite2bd.jpg' title=\"H.C.Artmann &quot;Gew\u00f6hnliche Ode&quot;\/ Lee D. B\u00f6hm &quot;B\u00f6hmische D\u00f6rfer&quot; \/\/ Artbook with 7 etchings inside \/ silkscreen, hot type &amp; etching \/ 11,81 x 9,05 inches \/ 30 x 23 cm \/ 16 Ex. \/ 1997 \/ double page \" data-rl_title=\"H.C.Artmann &quot;Gew\u00f6hnliche Ode&quot;\/ Lee D. B\u00f6hm &quot;B\u00f6hmische D\u00f6rfer&quot; \/\/ Artbook with 7 etchings inside \/ silkscreen, hot type &amp; etching \/ 11,81 x 9,05 inches \/ 30 x 23 cm \/ 16 Ex. \/ 1997 \/ double page \" class=\"rl-gallery-link\" data-rl_caption=\"H.C.Artmann &quot;Gew\u00f6hnliche Ode&quot;\/ Lee D. B\u00f6hm &quot;B\u00f6hmische D\u00f6rfer&quot; \/\/ Artbook with 7 etchings inside \/ silkscreen, hot type &amp; etching \/ 11,81 x 9,05 inches \/ 30 x 23 cm \/ 16 Ex. \/ 1997 \/ double page \" data-rel=\"lightbox-gallery-1\"><img loading=\"lazy\" decoding=\"async\" width=\"600\" height=\"600\" src=\"https:\/\/www.lee-d-boehm.de\/wp-content\/uploads\/2016\/07\/doppelseite2bd-600x600.jpg\" class=\"attachment-thumbnail size-thumbnail\" alt=\"\" \/><\/a>\n\t\t\t<\/div><\/figure><figure class='gallery-item'>\n\t\t\t<div class='gallery-icon landscape'>\n\t\t\t\t<a href='https:\/\/www.lee-d-boehm.de\/wp-content\/uploads\/2016\/07\/doppelseite1bd.jpg' title=\"H.C.Artmann &quot;Gew\u00f6hnliche Ode&quot;\/ Lee D. B\u00f6hm &quot;B\u00f6hmische D\u00f6rfer&quot; \/\/ Artbook with 7 etchings inside \/ silkscreen, hot type &amp; etching \/ 11,81 x 9,05 inches \/ 30 x 23 cm \/ 16 Ex. \/ 1997 \/ double page \" data-rl_title=\"H.C.Artmann &quot;Gew\u00f6hnliche Ode&quot;\/ Lee D. B\u00f6hm &quot;B\u00f6hmische D\u00f6rfer&quot; \/\/ Artbook with 7 etchings inside \/ silkscreen, hot type &amp; etching \/ 11,81 x 9,05 inches \/ 30 x 23 cm \/ 16 Ex. \/ 1997 \/ double page \" class=\"rl-gallery-link\" data-rl_caption=\"H.C.Artmann &quot;Gew\u00f6hnliche Ode&quot;\/ Lee D. B\u00f6hm &quot;B\u00f6hmische D\u00f6rfer&quot; \/\/ Artbook with 7 etchings inside \/ silkscreen, hot type &amp; etching \/ 11,81 x 9,05 inches \/ 30 x 23 cm \/ 16 Ex. \/ 1997 \/ double page \" data-rel=\"lightbox-gallery-1\"><img loading=\"lazy\" decoding=\"async\" width=\"600\" height=\"600\" src=\"https:\/\/www.lee-d-boehm.de\/wp-content\/uploads\/2016\/07\/doppelseite1bd-600x600.jpg\" class=\"attachment-thumbnail size-thumbnail\" alt=\"\" \/><\/a>\n\t\t\t<\/div><\/figure>\n\t\t<\/div>\n<h8>Artbook with 7 etchings inside \/ silkscreen, hot type &#038; etching \/ 11,81 x 9,05 inches \/ 30 x 23 cm \/ 16 Ex. \/ 1997<\/h8><\/p>\n<p><script type=\"text\/javascript\">\/\/ <![CDATA[\nfunction handleChange() { var arr = document.getElementById( 'subnav' ) ; window.location = arr.value ; }\n\/\/ ]]><\/script><select id=\"subnav\" name=\"subnav\" onchange=\"handleChange()\"><option value=\"https:\/\/www.lee-d-boehm.de\/en\/buecher\/\">Books (selection)<\/option><option value=\"https:\/\/www.lee-d-boehm.de\/en\/buecher\/Katalog-#-malerei\/\">Catalog #Painting<\/option><option value=\"https:\/\/www.lee-d-boehm.de\/en\/buecher\/aller-guten-wuensche\/\">All Good Wishes&#8230;<\/option><option value=\"https:\/\/www.lee-d-boehm.de\/en\/buecher\/die-rabenweihnacht\/\">The Raven Christmas<\/option><option value=\"https:\/\/www.lee-d-boehm.de\/en\/buecher\/das-kleine-wildschwein-und-der-traumhafte-flug\/\">The Little Boar And The Dreamlike Flight<\/option><option value=\"https:\/\/www.lee-d-boehm.de\/en\/buecher\/der-kleine-spatz-und-das-ungeheuer\/\">The Little Sparrow And The Monster<\/option><option value=\"https:\/\/www.lee-d-boehm.de\/en\/buecher\/der-schlaue-pelikan-und-der-zauberfisch\/\">The Smart Pelican And The Magic Fish<\/option><option value=\"https:\/\/www.lee-d-boehm.de\/en\/buecher\/das-huhn-angelika\/\">The Hen Angelika<\/option><option value=\"https:\/\/www.lee-d-boehm.de\/en\/buecher\/die-tollpatschige-ente-und-der-sternenhimmel\/\">The Clumsy Duck And The Starry Sky<\/option><option value=\"https:\/\/www.lee-d-boehm.de\/en\/buecher\/english-for-beginners\/\">English For Beginners<\/option><option value=\"https:\/\/www.lee-d-boehm.de\/en\/buecher\/allgemeine-erklaerung-der-menschenrechte\/\">Universal Declaration Of Human Rights<\/option><option selected=\"selected\" value=\"https:\/\/www.lee-d-boehm.de\/en\/buecher\/boehmische-doerfer\/\">\u200eGew\u00f6hnliche Ode \/ B\u00f6hmische D\u00f6rfer<\/option><\/select><\/p>\n<p><div id='gallery-2' class='gallery galleryid-1343 gallery-columns-3 gallery-size-thumbnail'><figure class='gallery-item'>\n\t\t\t<div class='gallery-icon landscape'>\n\t\t\t\t<a href='https:\/\/www.lee-d-boehm.de\/wp-content\/uploads\/2016\/07\/umschlag.jpg' title=\"H.C.Artmann &quot;Gew\u00f6hnliche Ode&quot;\/ Lee D. B\u00f6hm &quot;B\u00f6hmische D\u00f6rfer&quot; \/\/ Artbook with 7 etchings inside \/ silkscreen, hot type &amp; etching \/ 11,81 x 9,05 inches \/ 30 x 23 cm \/ 16 Ex. \/ 1997 \/ cover \" data-rl_title=\"H.C.Artmann &quot;Gew\u00f6hnliche Ode&quot;\/ Lee D. B\u00f6hm &quot;B\u00f6hmische D\u00f6rfer&quot; \/\/ Artbook with 7 etchings inside \/ silkscreen, hot type &amp; etching \/ 11,81 x 9,05 inches \/ 30 x 23 cm \/ 16 Ex. \/ 1997 \/ cover \" class=\"rl-gallery-link\" data-rl_caption=\"H.C.Artmann &quot;Gew\u00f6hnliche Ode&quot;\/ Lee D. B\u00f6hm &quot;B\u00f6hmische D\u00f6rfer&quot; \/\/ Artbook with 7 etchings inside \/ silkscreen, hot type &amp; etching \/ 11,81 x 9,05 inches \/ 30 x 23 cm \/ 16 Ex. \/ 1997 \/ cover \" data-rel=\"lightbox-gallery-2\"><img loading=\"lazy\" decoding=\"async\" width=\"600\" height=\"600\" src=\"https:\/\/www.lee-d-boehm.de\/wp-content\/uploads\/2016\/07\/umschlag-600x600.jpg\" class=\"attachment-thumbnail size-thumbnail\" alt=\"\" \/><\/a>\n\t\t\t<\/div><\/figure><figure class='gallery-item'>\n\t\t\t<div class='gallery-icon landscape'>\n\t\t\t\t<a href='https:\/\/www.lee-d-boehm.de\/wp-content\/uploads\/2016\/07\/buchschuber.jpg' title=\"H.C.Artmann &quot;Gew\u00f6hnliche Ode&quot;\/ Lee D. B\u00f6hm &quot;B\u00f6hmische D\u00f6rfer&quot; \/\/ Artbook with 7 etchings inside \/ silkscreen, hot type &amp; etching \/ 11,81 x 9,05 inches \/ 30 x 23 cm \/ 16 Ex. \/ 1997 \/ book &amp; boxed set\" data-rl_title=\"H.C.Artmann &quot;Gew\u00f6hnliche Ode&quot;\/ Lee D. B\u00f6hm &quot;B\u00f6hmische D\u00f6rfer&quot; \/\/ Artbook with 7 etchings inside \/ silkscreen, hot type &amp; etching \/ 11,81 x 9,05 inches \/ 30 x 23 cm \/ 16 Ex. \/ 1997 \/ book &amp; boxed set\" class=\"rl-gallery-link\" data-rl_caption=\"H.C.Artmann &quot;Gew\u00f6hnliche Ode&quot;\/ Lee D. B\u00f6hm &quot;B\u00f6hmische D\u00f6rfer&quot; \/\/ Artbook with 7 etchings inside \/ silkscreen, hot type &amp; etching \/ 11,81 x 9,05 inches \/ 30 x 23 cm \/ 16 Ex. \/ 1997 \/ book &amp; boxed set\" data-rel=\"lightbox-gallery-2\"><img loading=\"lazy\" decoding=\"async\" width=\"600\" height=\"600\" src=\"https:\/\/www.lee-d-boehm.de\/wp-content\/uploads\/2016\/07\/buchschuber-600x600.jpg\" class=\"attachment-thumbnail size-thumbnail\" alt=\"\" \/><\/a>\n\t\t\t<\/div><\/figure><figure class='gallery-item'>\n\t\t\t<div class='gallery-icon landscape'>\n\t\t\t\t<a href='https:\/\/www.lee-d-boehm.de\/wp-content\/uploads\/2016\/07\/buchundschuber1.jpg' title=\"H.C.Artmann &quot;Gew\u00f6hnliche Ode&quot;\/ Lee D. B\u00f6hm &quot;B\u00f6hmische D\u00f6rfer&quot; \/\/ Artbook with 7 etchings inside \/ silkscreen, hot type &amp; etching \/ 11,81 x 9,05 inches \/ 30 x 23 cm \/ 16 Ex. \/ 1997 \/ book &amp; boxed set \" data-rl_title=\"H.C.Artmann &quot;Gew\u00f6hnliche Ode&quot;\/ Lee D. B\u00f6hm &quot;B\u00f6hmische D\u00f6rfer&quot; \/\/ Artbook with 7 etchings inside \/ silkscreen, hot type &amp; etching \/ 11,81 x 9,05 inches \/ 30 x 23 cm \/ 16 Ex. \/ 1997 \/ book &amp; boxed set \" class=\"rl-gallery-link\" data-rl_caption=\"H.C.Artmann &quot;Gew\u00f6hnliche Ode&quot;\/ Lee D. B\u00f6hm &quot;B\u00f6hmische D\u00f6rfer&quot; \/\/ Artbook with 7 etchings inside \/ silkscreen, hot type &amp; etching \/ 11,81 x 9,05 inches \/ 30 x 23 cm \/ 16 Ex. \/ 1997 \/ book &amp; boxed set \" data-rel=\"lightbox-gallery-2\"><img loading=\"lazy\" decoding=\"async\" width=\"600\" height=\"600\" src=\"https:\/\/www.lee-d-boehm.de\/wp-content\/uploads\/2016\/07\/buchundschuber1-600x600.jpg\" class=\"attachment-thumbnail size-thumbnail\" alt=\"\" \/><\/a>\n\t\t\t<\/div><\/figure><figure class='gallery-item'>\n\t\t\t<div class='gallery-icon landscape'>\n\t\t\t\t<a href='https:\/\/www.lee-d-boehm.de\/wp-content\/uploads\/2016\/07\/innentitel.jpg' title=\"H.C.Artmann &quot;Gew\u00f6hnliche Ode&quot;\/ Lee D. B\u00f6hm &quot;B\u00f6hmische D\u00f6rfer&quot; \/\/ Artbook with 7 etchings inside \/ silkscreen, hot type &amp; etching \/ 11,81 x 9,05 inches \/ 30 x 23 cm \/ 16 Ex. \/ 1997 \/ title inside \" data-rl_title=\"H.C.Artmann &quot;Gew\u00f6hnliche Ode&quot;\/ Lee D. B\u00f6hm &quot;B\u00f6hmische D\u00f6rfer&quot; \/\/ Artbook with 7 etchings inside \/ silkscreen, hot type &amp; etching \/ 11,81 x 9,05 inches \/ 30 x 23 cm \/ 16 Ex. \/ 1997 \/ title inside \" class=\"rl-gallery-link\" data-rl_caption=\"H.C.Artmann &quot;Gew\u00f6hnliche Ode&quot;\/ Lee D. B\u00f6hm &quot;B\u00f6hmische D\u00f6rfer&quot; \/\/ Artbook with 7 etchings inside \/ silkscreen, hot type &amp; etching \/ 11,81 x 9,05 inches \/ 30 x 23 cm \/ 16 Ex. \/ 1997 \/ title inside \" data-rel=\"lightbox-gallery-2\"><img loading=\"lazy\" decoding=\"async\" width=\"600\" height=\"600\" src=\"https:\/\/www.lee-d-boehm.de\/wp-content\/uploads\/2016\/07\/innentitel-600x600.jpg\" class=\"attachment-thumbnail size-thumbnail\" alt=\"\" \/><\/a>\n\t\t\t<\/div><\/figure><figure class='gallery-item'>\n\t\t\t<div class='gallery-icon landscape'>\n\t\t\t\t<a href='https:\/\/www.lee-d-boehm.de\/wp-content\/uploads\/2016\/07\/doppelseitebd.jpg' title=\"H.C.Artmann &quot;Gew\u00f6hnliche Ode&quot;\/ Lee D. B\u00f6hm &quot;B\u00f6hmische D\u00f6rfer&quot; \/\/ Artbook with 7 etchings inside \/ silkscreen, hot type &amp; etching \/ 11,81 x 9,05 inches \/ 30 x 23 cm \/ 16 Ex. \/ 1997 \/ double page \" data-rl_title=\"H.C.Artmann &quot;Gew\u00f6hnliche Ode&quot;\/ Lee D. B\u00f6hm &quot;B\u00f6hmische D\u00f6rfer&quot; \/\/ Artbook with 7 etchings inside \/ silkscreen, hot type &amp; etching \/ 11,81 x 9,05 inches \/ 30 x 23 cm \/ 16 Ex. \/ 1997 \/ double page \" class=\"rl-gallery-link\" data-rl_caption=\"H.C.Artmann &quot;Gew\u00f6hnliche Ode&quot;\/ Lee D. B\u00f6hm &quot;B\u00f6hmische D\u00f6rfer&quot; \/\/ Artbook with 7 etchings inside \/ silkscreen, hot type &amp; etching \/ 11,81 x 9,05 inches \/ 30 x 23 cm \/ 16 Ex. \/ 1997 \/ double page \" data-rel=\"lightbox-gallery-2\"><img loading=\"lazy\" decoding=\"async\" width=\"600\" height=\"600\" src=\"https:\/\/www.lee-d-boehm.de\/wp-content\/uploads\/2016\/07\/doppelseitebd-600x600.jpg\" class=\"attachment-thumbnail size-thumbnail\" alt=\"\" \/><\/a>\n\t\t\t<\/div><\/figure><figure class='gallery-item'>\n\t\t\t<div class='gallery-icon landscape'>\n\t\t\t\t<a href='https:\/\/www.lee-d-boehm.de\/wp-content\/uploads\/2016\/07\/doppelseite4bd.jpg' title=\"H.C.Artmann &quot;Gew\u00f6hnliche Ode&quot;\/ Lee D. B\u00f6hm &quot;B\u00f6hmische D\u00f6rfer&quot; \/\/ Artbook with 7 etchings inside \/ silkscreen, hot type &amp; etching \/ 11,81 x 9,05 inches \/ 30 x 23 cm \/ 16 Ex. \/ 1997 \/ double page \" data-rl_title=\"H.C.Artmann &quot;Gew\u00f6hnliche Ode&quot;\/ Lee D. B\u00f6hm &quot;B\u00f6hmische D\u00f6rfer&quot; \/\/ Artbook with 7 etchings inside \/ silkscreen, hot type &amp; etching \/ 11,81 x 9,05 inches \/ 30 x 23 cm \/ 16 Ex. \/ 1997 \/ double page \" class=\"rl-gallery-link\" data-rl_caption=\"H.C.Artmann &quot;Gew\u00f6hnliche Ode&quot;\/ Lee D. B\u00f6hm &quot;B\u00f6hmische D\u00f6rfer&quot; \/\/ Artbook with 7 etchings inside \/ silkscreen, hot type &amp; etching \/ 11,81 x 9,05 inches \/ 30 x 23 cm \/ 16 Ex. \/ 1997 \/ double page \" data-rel=\"lightbox-gallery-2\"><img loading=\"lazy\" decoding=\"async\" width=\"600\" height=\"600\" src=\"https:\/\/www.lee-d-boehm.de\/wp-content\/uploads\/2016\/07\/doppelseite4bd-600x600.jpg\" class=\"attachment-thumbnail size-thumbnail\" alt=\"\" \/><\/a>\n\t\t\t<\/div><\/figure><figure class='gallery-item'>\n\t\t\t<div class='gallery-icon landscape'>\n\t\t\t\t<a href='https:\/\/www.lee-d-boehm.de\/wp-content\/uploads\/2016\/07\/doppelseite3bd.jpg' title=\"H.C.Artmann &quot;Gew\u00f6hnliche Ode&quot;\/ Lee D. B\u00f6hm &quot;B\u00f6hmische D\u00f6rfer&quot; \/\/ Artbook with 7 etchings inside \/ silkscreen, hot type &amp; etching \/ 11,81 x 9,05 inches \/ 30 x 23 cm \/ 16 Ex. \/ 1997 \/ double page \" data-rl_title=\"H.C.Artmann &quot;Gew\u00f6hnliche Ode&quot;\/ Lee D. B\u00f6hm &quot;B\u00f6hmische D\u00f6rfer&quot; \/\/ Artbook with 7 etchings inside \/ silkscreen, hot type &amp; etching \/ 11,81 x 9,05 inches \/ 30 x 23 cm \/ 16 Ex. \/ 1997 \/ double page \" class=\"rl-gallery-link\" data-rl_caption=\"H.C.Artmann &quot;Gew\u00f6hnliche Ode&quot;\/ Lee D. B\u00f6hm &quot;B\u00f6hmische D\u00f6rfer&quot; \/\/ Artbook with 7 etchings inside \/ silkscreen, hot type &amp; etching \/ 11,81 x 9,05 inches \/ 30 x 23 cm \/ 16 Ex. \/ 1997 \/ double page \" data-rel=\"lightbox-gallery-2\"><img loading=\"lazy\" decoding=\"async\" width=\"600\" height=\"600\" src=\"https:\/\/www.lee-d-boehm.de\/wp-content\/uploads\/2016\/07\/doppelseite3bd-600x600.jpg\" class=\"attachment-thumbnail size-thumbnail\" alt=\"\" \/><\/a>\n\t\t\t<\/div><\/figure><figure class='gallery-item'>\n\t\t\t<div class='gallery-icon landscape'>\n\t\t\t\t<a href='https:\/\/www.lee-d-boehm.de\/wp-content\/uploads\/2016\/07\/doppelseite2bd.jpg' title=\"H.C.Artmann &quot;Gew\u00f6hnliche Ode&quot;\/ Lee D. B\u00f6hm &quot;B\u00f6hmische D\u00f6rfer&quot; \/\/ Artbook with 7 etchings inside \/ silkscreen, hot type &amp; etching \/ 11,81 x 9,05 inches \/ 30 x 23 cm \/ 16 Ex. \/ 1997 \/ double page \" data-rl_title=\"H.C.Artmann &quot;Gew\u00f6hnliche Ode&quot;\/ Lee D. B\u00f6hm &quot;B\u00f6hmische D\u00f6rfer&quot; \/\/ Artbook with 7 etchings inside \/ silkscreen, hot type &amp; etching \/ 11,81 x 9,05 inches \/ 30 x 23 cm \/ 16 Ex. \/ 1997 \/ double page \" class=\"rl-gallery-link\" data-rl_caption=\"H.C.Artmann &quot;Gew\u00f6hnliche Ode&quot;\/ Lee D. B\u00f6hm &quot;B\u00f6hmische D\u00f6rfer&quot; \/\/ Artbook with 7 etchings inside \/ silkscreen, hot type &amp; etching \/ 11,81 x 9,05 inches \/ 30 x 23 cm \/ 16 Ex. \/ 1997 \/ double page \" data-rel=\"lightbox-gallery-2\"><img loading=\"lazy\" decoding=\"async\" width=\"600\" height=\"600\" src=\"https:\/\/www.lee-d-boehm.de\/wp-content\/uploads\/2016\/07\/doppelseite2bd-600x600.jpg\" class=\"attachment-thumbnail size-thumbnail\" alt=\"\" \/><\/a>\n\t\t\t<\/div><\/figure><figure class='gallery-item'>\n\t\t\t<div class='gallery-icon landscape'>\n\t\t\t\t<a href='https:\/\/www.lee-d-boehm.de\/wp-content\/uploads\/2016\/07\/doppelseite1bd.jpg' title=\"H.C.Artmann &quot;Gew\u00f6hnliche Ode&quot;\/ Lee D. B\u00f6hm &quot;B\u00f6hmische D\u00f6rfer&quot; \/\/ Artbook with 7 etchings inside \/ silkscreen, hot type &amp; etching \/ 11,81 x 9,05 inches \/ 30 x 23 cm \/ 16 Ex. \/ 1997 \/ double page \" data-rl_title=\"H.C.Artmann &quot;Gew\u00f6hnliche Ode&quot;\/ Lee D. B\u00f6hm &quot;B\u00f6hmische D\u00f6rfer&quot; \/\/ Artbook with 7 etchings inside \/ silkscreen, hot type &amp; etching \/ 11,81 x 9,05 inches \/ 30 x 23 cm \/ 16 Ex. \/ 1997 \/ double page \" class=\"rl-gallery-link\" data-rl_caption=\"H.C.Artmann &quot;Gew\u00f6hnliche Ode&quot;\/ Lee D. B\u00f6hm &quot;B\u00f6hmische D\u00f6rfer&quot; \/\/ Artbook with 7 etchings inside \/ silkscreen, hot type &amp; etching \/ 11,81 x 9,05 inches \/ 30 x 23 cm \/ 16 Ex. \/ 1997 \/ double page \" data-rel=\"lightbox-gallery-2\"><img loading=\"lazy\" decoding=\"async\" width=\"600\" height=\"600\" src=\"https:\/\/www.lee-d-boehm.de\/wp-content\/uploads\/2016\/07\/doppelseite1bd-600x600.jpg\" class=\"attachment-thumbnail size-thumbnail\" alt=\"\" \/><\/a>\n\t\t\t<\/div><\/figure>\n\t\t<\/div>\n<\/p>","protected":false},"excerpt":{"rendered":"<p>Artbook with 7 etchings inside \/ silkscreen, hot type &#038; etching \/ 11,81 x 9,05 inches \/ 30 x 23 cm \/ 16 Ex. \/ 1997 Books (selection)Catalog #PaintingAll Good Wishes&#8230;The Raven ChristmasThe Little Boar And The Dreamlike FlightThe Little Sparrow And The MonsterThe Smart Pelican And The Magic FishThe Hen AngelikaThe Clumsy Duck And &hellip; <a href=\"https:\/\/www.lee-d-boehm.de\/en\/buecher\/boehmische-doerfer\/\" class=\"more-link\">Continue reading<span class=\"screen-reader-text\"> &#8220;\u200eH.C.Artmann &#8220;Gew\u00f6hnliche Ode&#8221; \/  Lee D. B\u00f6hm &#8220;B\u00f6hmische D\u00f6rfer&#8221;&#8221;<\/span><\/a><\/p>\n","protected":false},"author":1,"featured_media":0,"parent":29,"menu_order":0,"comment_status":"closed","ping_status":"closed","template":"page_wide.php","meta":{"footnotes":""},"class_list":["post-1343","page","type-page","status-publish"],"_links":{"self":[{"href":"https:\/\/www.lee-d-boehm.de\/en\/wp-json\/wp\/v2\/pages\/1343","targetHints":{"allow":["GET"]}}],"collection":[{"href":"https:\/\/www.lee-d-boehm.de\/en\/wp-json\/wp\/v2\/pages"}],"about":[{"href":"https:\/\/www.lee-d-boehm.de\/en\/wp-json\/wp\/v2\/types\/page"}],"author":[{"embeddable":true,"href":"https:\/\/www.lee-d-boehm.de\/en\/wp-json\/wp\/v2\/users\/1"}],"replies":[{"embeddable":true,"href":"https:\/\/www.lee-d-boehm.de\/en\/wp-json\/wp\/v2\/comments?post=1343"}],"version-history":[{"count":0,"href":"https:\/\/www.lee-d-boehm.de\/en\/wp-json\/wp\/v2\/pages\/1343\/revisions"}],"up":[{"embeddable":true,"href":"https:\/\/www.lee-d-boehm.de\/en\/wp-json\/wp\/v2\/pages\/29"}],"wp:attachment":[{"href":"https:\/\/www.lee-d-boehm.de\/en\/wp-json\/wp\/v2\/media?parent=1343"}],"curies":[{"name":"wp","href":"https:\/\/api.w.org\/{rel}","templated":true}]}}